{"id":114,"date":"2026-04-11T22:48:04","date_gmt":"2026-04-11T22:48:04","guid":{"rendered":"https:\/\/prclacisterna.cl\/?page_id=114"},"modified":"2026-04-11T22:48:07","modified_gmt":"2026-04-11T22:48:07","slug":"evaluacion-ambiental-estrategica","status":"publish","type":"page","link":"https:\/\/prclacisterna.cl\/?page_id=114","title":{"rendered":"Evaluaci\u00f3n Ambiental Estrat\u00e9gica"},"content":{"rendered":"\n<div class=\"wp-block-group is-layout-constrained wp-block-group-is-layout-constrained\">\n<div class=\"wp-block-group is-layout-constrained wp-block-group-is-layout-constrained\">\n<div class=\"wp-block-uagb-advanced-heading uagb-block-310b4350\"><h2 class=\"uagb-heading-text\">Evaluci\u00f3n Ambiental Estrat\u00e9gica<\/h2><\/div>\n<\/div>\n\n\n\n<div class=\"wp-block-group is-layout-constrained wp-block-group-is-layout-constrained\">\n<div class=\"wp-block-group is-layout-constrained wp-block-group-is-layout-constrained\">\n<p>Procedimiento y herramienta de gesti\u00f3n ambiental que tiene por objetivo incluir, de manera temprana, principios de sustentabilidad ambiental, social y econ\u00f3mica en el dise\u00f1o del Plan Regulador. El procedimiento de evaluaci\u00f3n ambiental en instrumentos de planificaci\u00f3n territorial es normado por la Ley General de Bases del Medio Ambiente (Ley N\u00b019.300) y por el Reglamento de Evaluaci\u00f3n Ambiental Estrat\u00e9gica (DS. 32).<\/p>\n\n\n\n<div class=\"wp-block-columns is-layout-flex wp-container-core-columns-is-layout-29aadeec wp-block-columns-is-layout-flex\" style=\"margin-top:60px\">\n<div class=\"wp-block-column is-layout-flow wp-container-core-column-is-layout-6b73ce23 wp-block-column-is-layout-flow\">\n<figure class=\"wp-block-image aligncenter size-full is-resized\"><img loading=\"lazy\" decoding=\"async\" width=\"500\" height=\"500\" src=\"https:\/\/prclacisterna.cl\/wp-content\/uploads\/2026\/04\/6.png\" alt=\"\" class=\"wp-image-115\" style=\"width:162px;height:auto\" srcset=\"https:\/\/prclacisterna.cl\/wp-content\/uploads\/2026\/04\/6.png 500w, https:\/\/prclacisterna.cl\/wp-content\/uploads\/2026\/04\/6-300x300.png 300w, https:\/\/prclacisterna.cl\/wp-content\/uploads\/2026\/04\/6-150x150.png 150w\" sizes=\"auto, (max-width: 500px) 100vw, 500px\" \/><\/figure>\n\n\n\n<h4 class=\"wp-block-heading has-text-align-center has-ast-global-color-3-color has-text-color has-link-color wp-elements-8b6fdf15acf1ca8a8bbbc84a04d312d7\" style=\"margin-top:16px\">Documento de inicio<\/h4>\n\n\n\n<p class=\"has-small-font-size\"><\/p>\n<\/div>\n\n\n\n<div class=\"wp-block-column is-layout-flow wp-container-core-column-is-layout-6b73ce23 wp-block-column-is-layout-flow\">\n<figure class=\"wp-block-image aligncenter size-full is-resized\"><img loading=\"lazy\" decoding=\"async\" width=\"500\" height=\"500\" src=\"https:\/\/prclacisterna.cl\/wp-content\/uploads\/2026\/04\/7.png\" alt=\"\" class=\"wp-image-116\" style=\"width:166px;height:auto\" srcset=\"https:\/\/prclacisterna.cl\/wp-content\/uploads\/2026\/04\/7.png 500w, https:\/\/prclacisterna.cl\/wp-content\/uploads\/2026\/04\/7-300x300.png 300w, https:\/\/prclacisterna.cl\/wp-content\/uploads\/2026\/04\/7-150x150.png 150w\" sizes=\"auto, (max-width: 500px) 100vw, 500px\" \/><\/figure>\n\n\n\n<h4 class=\"wp-block-heading has-text-align-center has-ast-global-color-3-color has-text-color has-link-color wp-elements-79ca340e8db4e1cf2c6ea2f10657d163\" style=\"margin-top:16px\">Valores Ambientales<br>Problemas Ambientales<br>Conflictos Socioambientales<\/h4>\n\n\n\n<p class=\"has-small-font-size\"><\/p>\n<\/div>\n\n\n\n<div class=\"wp-block-column is-layout-flow wp-container-core-column-is-layout-6b73ce23 wp-block-column-is-layout-flow\">\n<figure class=\"wp-block-image aligncenter size-full is-resized\"><img loading=\"lazy\" decoding=\"async\" width=\"500\" height=\"500\" src=\"https:\/\/prclacisterna.cl\/wp-content\/uploads\/2026\/04\/8.png\" alt=\"\" class=\"wp-image-117\" style=\"width:164px;height:auto\" srcset=\"https:\/\/prclacisterna.cl\/wp-content\/uploads\/2026\/04\/8.png 500w, https:\/\/prclacisterna.cl\/wp-content\/uploads\/2026\/04\/8-300x300.png 300w, https:\/\/prclacisterna.cl\/wp-content\/uploads\/2026\/04\/8-150x150.png 150w\" sizes=\"auto, (max-width: 500px) 100vw, 500px\" \/><\/figure>\n\n\n\n<h4 class=\"wp-block-heading has-text-align-center has-ast-global-color-3-color has-text-color has-link-color wp-elements-77411da7ac7c4867cc0de4d2434b228b\" style=\"margin-top:16px\">Factores Cr\u00edticos<\/h4>\n\n\n\n<p class=\"has-text-align-center has-small-font-size\"><\/p>\n<\/div>\n<\/div>\n<\/div>\n<\/div>\n<\/div>\n\n\n\n<p><\/p>\n\n\n\n<p><\/p>\n","protected":false},"excerpt":{"rendered":"<p>Evaluci\u00f3n Ambiental Estrat\u00e9gica Procedimiento y herramienta de gesti\u00f3n ambiental que tiene por objetivo incluir, de manera temprana, principios de sustentabilidad ambiental, social y econ\u00f3mica en el dise\u00f1o del Plan Regulador. El procedimiento de evaluaci\u00f3n ambiental en instrumentos de planificaci\u00f3n territorial es normado por la Ley General de Bases del Medio Ambiente (Ley N\u00b019.300) y por [&hellip;]<\/p>\n","protected":false},"author":3,"featured_media":0,"parent":0,"menu_order":0,"comment_status":"closed","ping_status":"closed","template":"","meta":{"_uag_custom_page_level_css":"","site-sidebar-layout":"default","site-content-layout":"","ast-site-content-layout":"default","site-content-style":"default","site-sidebar-style":"default","ast-global-header-display":"","ast-banner-title-visibility":"","ast-main-header-display":"","ast-hfb-above-header-display":"","ast-hfb-below-header-display":"","ast-hfb-mobile-header-display":"","site-post-title":"disabled","ast-breadcrumbs-content":"","ast-featured-img":"","footer-sml-layout":"","ast-disable-related-posts":"","theme-transparent-header-meta":"","adv-header-id-meta":"","stick-header-meta":"","header-above-stick-meta":"","header-main-stick-meta":"","header-below-stick-meta":"","astra-migrate-meta-layouts":"default","ast-page-background-enabled":"default","ast-page-background-meta":{"desktop":{"background-color":"var(--ast-global-color-5)","background-image":"","background-repeat":"repeat","background-position":"center center","background-size":"auto","background-attachment":"scroll","background-type":"","background-media":"","overlay-type":"","overlay-color":"","overlay-opacity":"","overlay-gradient":""},"tablet":{"background-color":"","background-image":"","background-repeat":"repeat","background-position":"center center","background-size":"auto","background-attachment":"scroll","background-type":"","background-media":"","overlay-type":"","overlay-color":"","overlay-opacity":"","overlay-gradient":""},"mobile":{"background-color":"","background-image":"","background-repeat":"repeat","background-position":"center center","background-size":"auto","background-attachment":"scroll","background-type":"","background-media":"","overlay-type":"","overlay-color":"","overlay-opacity":"","overlay-gradient":""}},"ast-content-background-meta":{"desktop":{"background-color":"var(--ast-global-color-4)","background-image":"","background-repeat":"repeat","background-position":"center center","background-size":"auto","background-attachment":"scroll","background-type":"","background-media":"","overlay-type":"","overlay-color":"","overlay-opacity":"","overlay-gradient":""},"tablet":{"background-color":"var(--ast-global-color-4)","background-image":"","background-repeat":"repeat","background-position":"center center","background-size":"auto","background-attachment":"scroll","background-type":"","background-media":"","overlay-type":"","overlay-color":"","overlay-opacity":"","overlay-gradient":""},"mobile":{"background-color":"var(--ast-global-color-4)","background-image":"","background-repeat":"repeat","background-position":"center center","background-size":"auto","background-attachment":"scroll","background-type":"","background-media":"","overlay-type":"","overlay-color":"","overlay-opacity":"","overlay-gradient":""}},"footnotes":""},"class_list":["post-114","page","type-page","status-publish","hentry"],"yoast_head":"<!-- This site is optimized with the Yoast SEO plugin v27.1.1 - https:\/\/yoast.com\/product\/yoast-seo-wordpress\/ -->\n<title>Evaluaci\u00f3n Ambiental Estrat\u00e9gica - PRC La Cisterna<\/title>\n<meta name=\"robots\" content=\"index, follow, max-snippet:-1, max-image-preview:large, max-video-preview:-1\" \/>\n<link rel=\"canonical\" href=\"https:\/\/prclacisterna.cl\/?page_id=114\" \/>\n<meta property=\"og:locale\" content=\"es_ES\" \/>\n<meta property=\"og:type\" content=\"article\" \/>\n<meta property=\"og:title\" content=\"Evaluaci\u00f3n Ambiental Estrat\u00e9gica - PRC La Cisterna\" \/>\n<meta property=\"og:description\" content=\"Evaluci\u00f3n Ambiental Estrat\u00e9gica Procedimiento y herramienta de gesti\u00f3n ambiental que tiene por objetivo incluir, de manera temprana, principios de sustentabilidad ambiental, social y econ\u00f3mica en el dise\u00f1o del Plan Regulador. El procedimiento de evaluaci\u00f3n ambiental en instrumentos de planificaci\u00f3n territorial es normado por la Ley General de Bases del Medio Ambiente (Ley N\u00b019.300) y por [&hellip;]\" \/>\n<meta property=\"og:url\" content=\"https:\/\/prclacisterna.cl\/?page_id=114\" \/>\n<meta property=\"og:site_name\" content=\"PRC La Cisterna\" \/>\n<meta property=\"article:modified_time\" content=\"2026-04-11T22:48:07+00:00\" \/>\n<meta property=\"og:image\" content=\"https:\/\/prclacisterna.cl\/wp-content\/uploads\/2026\/04\/6.png\" \/>\n\t<meta property=\"og:image:width\" content=\"500\" \/>\n\t<meta property=\"og:image:height\" content=\"500\" \/>\n\t<meta property=\"og:image:type\" content=\"image\/png\" \/>\n<meta name=\"twitter:card\" content=\"summary_large_image\" \/>\n<meta name=\"twitter:label1\" content=\"Tiempo estimado de lectura\" \/>\n\t<meta name=\"twitter:data1\" content=\"1 minuto\" \/>\n<script type=\"application\/ld+json\" class=\"yoast-schema-graph\">{\"@context\":\"https:\/\/schema.org\",\"@graph\":[{\"@type\":\"WebPage\",\"@id\":\"https:\/\/prclacisterna.cl\/?page_id=114\",\"url\":\"https:\/\/prclacisterna.cl\/?page_id=114\",\"name\":\"Evaluaci\u00f3n Ambiental Estrat\u00e9gica - PRC La Cisterna\",\"isPartOf\":{\"@id\":\"https:\/\/prclacisterna.cl\/#website\"},\"primaryImageOfPage\":{\"@id\":\"https:\/\/prclacisterna.cl\/?page_id=114#primaryimage\"},\"image\":{\"@id\":\"https:\/\/prclacisterna.cl\/?page_id=114#primaryimage\"},\"thumbnailUrl\":\"https:\/\/prclacisterna.cl\/wp-content\/uploads\/2026\/04\/6.png\",\"datePublished\":\"2026-04-11T22:48:04+00:00\",\"dateModified\":\"2026-04-11T22:48:07+00:00\",\"breadcrumb\":{\"@id\":\"https:\/\/prclacisterna.cl\/?page_id=114#breadcrumb\"},\"inLanguage\":\"es-CL\",\"potentialAction\":[{\"@type\":\"ReadAction\",\"target\":[\"https:\/\/prclacisterna.cl\/?page_id=114\"]}]},{\"@type\":\"ImageObject\",\"inLanguage\":\"es-CL\",\"@id\":\"https:\/\/prclacisterna.cl\/?page_id=114#primaryimage\",\"url\":\"https:\/\/prclacisterna.cl\/wp-content\/uploads\/2026\/04\/6.png\",\"contentUrl\":\"https:\/\/prclacisterna.cl\/wp-content\/uploads\/2026\/04\/6.png\",\"width\":500,\"height\":500},{\"@type\":\"BreadcrumbList\",\"@id\":\"https:\/\/prclacisterna.cl\/?page_id=114#breadcrumb\",\"itemListElement\":[{\"@type\":\"ListItem\",\"position\":1,\"name\":\"Portada\",\"item\":\"https:\/\/prclacisterna.cl\/\"},{\"@type\":\"ListItem\",\"position\":2,\"name\":\"Evaluaci\u00f3n Ambiental Estrat\u00e9gica\"}]},{\"@type\":\"WebSite\",\"@id\":\"https:\/\/prclacisterna.cl\/#website\",\"url\":\"https:\/\/prclacisterna.cl\/\",\"name\":\"PRC La Cisterna\",\"description\":\"\",\"publisher\":{\"@id\":\"https:\/\/prclacisterna.cl\/#organization\"},\"potentialAction\":[{\"@type\":\"SearchAction\",\"target\":{\"@type\":\"EntryPoint\",\"urlTemplate\":\"https:\/\/prclacisterna.cl\/?s={search_term_string}\"},\"query-input\":{\"@type\":\"PropertyValueSpecification\",\"valueRequired\":true,\"valueName\":\"search_term_string\"}}],\"inLanguage\":\"es-CL\"},{\"@type\":\"Organization\",\"@id\":\"https:\/\/prclacisterna.cl\/#organization\",\"name\":\"PRC La Cisterna\",\"url\":\"https:\/\/prclacisterna.cl\/\",\"logo\":{\"@type\":\"ImageObject\",\"inLanguage\":\"es-CL\",\"@id\":\"https:\/\/prclacisterna.cl\/#\/schema\/logo\/image\/\",\"url\":\"https:\/\/prclacisterna.cl\/wp-content\/uploads\/2026\/04\/cropped-ICONOS-LA-CISTERNA-2.png\",\"contentUrl\":\"https:\/\/prclacisterna.cl\/wp-content\/uploads\/2026\/04\/cropped-ICONOS-LA-CISTERNA-2.png\",\"width\":1000,\"height\":175,\"caption\":\"PRC La Cisterna\"},\"image\":{\"@id\":\"https:\/\/prclacisterna.cl\/#\/schema\/logo\/image\/\"}}]}<\/script>\n<!-- \/ Yoast SEO plugin. -->","yoast_head_json":{"title":"Evaluaci\u00f3n Ambiental Estrat\u00e9gica - PRC La Cisterna","robots":{"index":"index","follow":"follow","max-snippet":"max-snippet:-1","max-image-preview":"max-image-preview:large","max-video-preview":"max-video-preview:-1"},"canonical":"https:\/\/prclacisterna.cl\/?page_id=114","og_locale":"es_ES","og_type":"article","og_title":"Evaluaci\u00f3n Ambiental Estrat\u00e9gica - PRC La Cisterna","og_description":"Evaluci\u00f3n Ambiental Estrat\u00e9gica Procedimiento y herramienta de gesti\u00f3n ambiental que tiene por objetivo incluir, de manera temprana, principios de sustentabilidad ambiental, social y econ\u00f3mica en el dise\u00f1o del Plan Regulador. El procedimiento de evaluaci\u00f3n ambiental en instrumentos de planificaci\u00f3n territorial es normado por la Ley General de Bases del Medio Ambiente (Ley N\u00b019.300) y por [&hellip;]","og_url":"https:\/\/prclacisterna.cl\/?page_id=114","og_site_name":"PRC La Cisterna","article_modified_time":"2026-04-11T22:48:07+00:00","og_image":[{"width":500,"height":500,"url":"https:\/\/prclacisterna.cl\/wp-content\/uploads\/2026\/04\/6.png","type":"image\/png"}],"twitter_card":"summary_large_image","twitter_misc":{"Tiempo estimado de lectura":"1 minuto"},"schema":{"@context":"https:\/\/schema.org","@graph":[{"@type":"WebPage","@id":"https:\/\/prclacisterna.cl\/?page_id=114","url":"https:\/\/prclacisterna.cl\/?page_id=114","name":"Evaluaci\u00f3n Ambiental Estrat\u00e9gica - PRC La Cisterna","isPartOf":{"@id":"https:\/\/prclacisterna.cl\/#website"},"primaryImageOfPage":{"@id":"https:\/\/prclacisterna.cl\/?page_id=114#primaryimage"},"image":{"@id":"https:\/\/prclacisterna.cl\/?page_id=114#primaryimage"},"thumbnailUrl":"https:\/\/prclacisterna.cl\/wp-content\/uploads\/2026\/04\/6.png","datePublished":"2026-04-11T22:48:04+00:00","dateModified":"2026-04-11T22:48:07+00:00","breadcrumb":{"@id":"https:\/\/prclacisterna.cl\/?page_id=114#breadcrumb"},"inLanguage":"es-CL","potentialAction":[{"@type":"ReadAction","target":["https:\/\/prclacisterna.cl\/?page_id=114"]}]},{"@type":"ImageObject","inLanguage":"es-CL","@id":"https:\/\/prclacisterna.cl\/?page_id=114#primaryimage","url":"https:\/\/prclacisterna.cl\/wp-content\/uploads\/2026\/04\/6.png","contentUrl":"https:\/\/prclacisterna.cl\/wp-content\/uploads\/2026\/04\/6.png","width":500,"height":500},{"@type":"BreadcrumbList","@id":"https:\/\/prclacisterna.cl\/?page_id=114#breadcrumb","itemListElement":[{"@type":"ListItem","position":1,"name":"Portada","item":"https:\/\/prclacisterna.cl\/"},{"@type":"ListItem","position":2,"name":"Evaluaci\u00f3n Ambiental Estrat\u00e9gica"}]},{"@type":"WebSite","@id":"https:\/\/prclacisterna.cl\/#website","url":"https:\/\/prclacisterna.cl\/","name":"PRC La Cisterna","description":"","publisher":{"@id":"https:\/\/prclacisterna.cl\/#organization"},"potentialAction":[{"@type":"SearchAction","target":{"@type":"EntryPoint","urlTemplate":"https:\/\/prclacisterna.cl\/?s={search_term_string}"},"query-input":{"@type":"PropertyValueSpecification","valueRequired":true,"valueName":"search_term_string"}}],"inLanguage":"es-CL"},{"@type":"Organization","@id":"https:\/\/prclacisterna.cl\/#organization","name":"PRC La Cisterna","url":"https:\/\/prclacisterna.cl\/","logo":{"@type":"ImageObject","inLanguage":"es-CL","@id":"https:\/\/prclacisterna.cl\/#\/schema\/logo\/image\/","url":"https:\/\/prclacisterna.cl\/wp-content\/uploads\/2026\/04\/cropped-ICONOS-LA-CISTERNA-2.png","contentUrl":"https:\/\/prclacisterna.cl\/wp-content\/uploads\/2026\/04\/cropped-ICONOS-LA-CISTERNA-2.png","width":1000,"height":175,"caption":"PRC La Cisterna"},"image":{"@id":"https:\/\/prclacisterna.cl\/#\/schema\/logo\/image\/"}}]}},"uagb_featured_image_src":{"full":false,"thumbnail":false,"medium":false,"medium_large":false,"large":false,"1536x1536":false,"2048x2048":false},"uagb_author_info":{"display_name":"Leonardo Vera","author_link":"https:\/\/prclacisterna.cl\/?author=3"},"uagb_comment_info":0,"uagb_excerpt":"Evaluci\u00f3n Ambiental Estrat\u00e9gica Procedimiento y herramienta de gesti\u00f3n ambiental que tiene por objetivo incluir, de manera temprana, principios de sustentabilidad ambiental, social y econ\u00f3mica en el dise\u00f1o del Plan Regulador. El procedimiento de evaluaci\u00f3n ambiental en instrumentos de planificaci\u00f3n territorial es normado por la Ley General de Bases del Medio Ambiente (Ley N\u00b019.300) y por&hellip;","_links":{"self":[{"href":"https:\/\/prclacisterna.cl\/index.php?rest_route=\/wp\/v2\/pages\/114","targetHints":{"allow":["GET"]}}],"collection":[{"href":"https:\/\/prclacisterna.cl\/index.php?rest_route=\/wp\/v2\/pages"}],"about":[{"href":"https:\/\/prclacisterna.cl\/index.php?rest_route=\/wp\/v2\/types\/page"}],"author":[{"embeddable":true,"href":"https:\/\/prclacisterna.cl\/index.php?rest_route=\/wp\/v2\/users\/3"}],"replies":[{"embeddable":true,"href":"https:\/\/prclacisterna.cl\/index.php?rest_route=%2Fwp%2Fv2%2Fcomments&post=114"}],"version-history":[{"count":2,"href":"https:\/\/prclacisterna.cl\/index.php?rest_route=\/wp\/v2\/pages\/114\/revisions"}],"predecessor-version":[{"id":121,"href":"https:\/\/prclacisterna.cl\/index.php?rest_route=\/wp\/v2\/pages\/114\/revisions\/121"}],"wp:attachment":[{"href":"https:\/\/prclacisterna.cl\/index.php?rest_route=%2Fwp%2Fv2%2Fmedia&parent=114"}],"curies":[{"name":"wp","href":"https:\/\/api.w.org\/{rel}","templated":true}]}}