{"id":122,"date":"2026-04-11T22:51:16","date_gmt":"2026-04-11T22:51:16","guid":{"rendered":"https:\/\/prclacisterna.cl\/?page_id=122"},"modified":"2026-04-11T22:51:46","modified_gmt":"2026-04-11T22:51:46","slug":"participacion-ciudadana","status":"publish","type":"page","link":"https:\/\/prclacisterna.cl\/?page_id=122","title":{"rendered":"Participaci\u00f3n Ciudadana"},"content":{"rendered":"\n<div class=\"wp-block-uagb-advanced-heading uagb-block-524eb656\"><h2 class=\"uagb-heading-text\">Participaci\u00f3n Ciudadana<\/h2><\/div>\n\n\n\n<p>En esta p\u00e1gina se hace el seguimiento a las actividades de participaci\u00f3n, Estas consisten en talleres de participaci\u00f3n con la comunidad organizados por unidades vecinales, talleres comunales, mesas de trabajo, encuestas de opini\u00f3n y audiencias p\u00fablicas en momentos clave del proceso<\/p>\n\n\n\n<p><\/p>\n","protected":false},"excerpt":{"rendered":"<p>Participaci\u00f3n Ciudadana En esta p\u00e1gina se hace el seguimiento a las actividades de participaci\u00f3n, Estas consisten en talleres de participaci\u00f3n con la comunidad organizados por unidades vecinales, talleres comunales, mesas de trabajo, encuestas de opini\u00f3n y audiencias p\u00fablicas en momentos clave del proceso<\/p>\n","protected":false},"author":3,"featured_media":0,"parent":0,"menu_order":0,"comment_status":"closed","ping_status":"closed","template":"","meta":{"_uag_custom_page_level_css":"","site-sidebar-layout":"default","site-content-layout":"","ast-site-content-layout":"default","site-content-style":"default","site-sidebar-style":"default","ast-global-header-display":"","ast-banner-title-visibility":"","ast-main-header-display":"","ast-hfb-above-header-display":"","ast-hfb-below-header-display":"","ast-hfb-mobile-header-display":"","site-post-title":"disabled","ast-breadcrumbs-content":"","ast-featured-img":"","footer-sml-layout":"","ast-disable-related-posts":"","theme-transparent-header-meta":"","adv-header-id-meta":"","stick-header-meta":"","header-above-stick-meta":"","header-main-stick-meta":"","header-below-stick-meta":"","astra-migrate-meta-layouts":"default","ast-page-background-enabled":"default","ast-page-background-meta":{"desktop":{"background-color":"var(--ast-global-color-5)","background-image":"","background-repeat":"repeat","background-position":"center center","background-size":"auto","background-attachment":"scroll","background-type":"","background-media":"","overlay-type":"","overlay-color":"","overlay-opacity":"","overlay-gradient":""},"tablet":{"background-color":"","background-image":"","background-repeat":"repeat","background-position":"center center","background-size":"auto","background-attachment":"scroll","background-type":"","background-media":"","overlay-type":"","overlay-color":"","overlay-opacity":"","overlay-gradient":""},"mobile":{"background-color":"","background-image":"","background-repeat":"repeat","background-position":"center center","background-size":"auto","background-attachment":"scroll","background-type":"","background-media":"","overlay-type":"","overlay-color":"","overlay-opacity":"","overlay-gradient":""}},"ast-content-background-meta":{"desktop":{"background-color":"var(--ast-global-color-4)","background-image":"","background-repeat":"repeat","background-position":"center center","background-size":"auto","background-attachment":"scroll","background-type":"","background-media":"","overlay-type":"","overlay-color":"","overlay-opacity":"","overlay-gradient":""},"tablet":{"background-color":"var(--ast-global-color-4)","background-image":"","background-repeat":"repeat","background-position":"center center","background-size":"auto","background-attachment":"scroll","background-type":"","background-media":"","overlay-type":"","overlay-color":"","overlay-opacity":"","overlay-gradient":""},"mobile":{"background-color":"var(--ast-global-color-4)","background-image":"","background-repeat":"repeat","background-position":"center center","background-size":"auto","background-attachment":"scroll","background-type":"","background-media":"","overlay-type":"","overlay-color":"","overlay-opacity":"","overlay-gradient":""}},"footnotes":""},"class_list":["post-122","page","type-page","status-publish","hentry"],"yoast_head":"<!-- This site is optimized with the Yoast SEO plugin v27.1.1 - https:\/\/yoast.com\/product\/yoast-seo-wordpress\/ -->\n<title>Participaci\u00f3n Ciudadana - PRC La Cisterna<\/title>\n<meta name=\"robots\" content=\"index, follow, max-snippet:-1, max-image-preview:large, max-video-preview:-1\" \/>\n<link rel=\"canonical\" href=\"https:\/\/prclacisterna.cl\/?page_id=122\" \/>\n<meta property=\"og:locale\" content=\"es_ES\" \/>\n<meta property=\"og:type\" content=\"article\" \/>\n<meta property=\"og:title\" content=\"Participaci\u00f3n Ciudadana - PRC La Cisterna\" \/>\n<meta property=\"og:description\" content=\"Participaci\u00f3n Ciudadana En esta p\u00e1gina se hace el seguimiento a las actividades de participaci\u00f3n, Estas consisten en talleres de participaci\u00f3n con la comunidad organizados por unidades vecinales, talleres comunales, mesas de trabajo, encuestas de opini\u00f3n y audiencias p\u00fablicas en momentos clave del proceso\" \/>\n<meta property=\"og:url\" content=\"https:\/\/prclacisterna.cl\/?page_id=122\" \/>\n<meta property=\"og:site_name\" content=\"PRC La Cisterna\" \/>\n<meta property=\"article:modified_time\" content=\"2026-04-11T22:51:46+00:00\" \/>\n<meta name=\"twitter:card\" content=\"summary_large_image\" \/>\n<meta name=\"twitter:label1\" content=\"Tiempo estimado de lectura\" \/>\n\t<meta name=\"twitter:data1\" content=\"1 minuto\" \/>\n<script type=\"application\/ld+json\" class=\"yoast-schema-graph\">{\"@context\":\"https:\/\/schema.org\",\"@graph\":[{\"@type\":\"WebPage\",\"@id\":\"https:\/\/prclacisterna.cl\/?page_id=122\",\"url\":\"https:\/\/prclacisterna.cl\/?page_id=122\",\"name\":\"Participaci\u00f3n Ciudadana - PRC La Cisterna\",\"isPartOf\":{\"@id\":\"https:\/\/prclacisterna.cl\/#website\"},\"datePublished\":\"2026-04-11T22:51:16+00:00\",\"dateModified\":\"2026-04-11T22:51:46+00:00\",\"breadcrumb\":{\"@id\":\"https:\/\/prclacisterna.cl\/?page_id=122#breadcrumb\"},\"inLanguage\":\"es-CL\",\"potentialAction\":[{\"@type\":\"ReadAction\",\"target\":[\"https:\/\/prclacisterna.cl\/?page_id=122\"]}]},{\"@type\":\"BreadcrumbList\",\"@id\":\"https:\/\/prclacisterna.cl\/?page_id=122#breadcrumb\",\"itemListElement\":[{\"@type\":\"ListItem\",\"position\":1,\"name\":\"Portada\",\"item\":\"https:\/\/prclacisterna.cl\/\"},{\"@type\":\"ListItem\",\"position\":2,\"name\":\"Participaci\u00f3n Ciudadana\"}]},{\"@type\":\"WebSite\",\"@id\":\"https:\/\/prclacisterna.cl\/#website\",\"url\":\"https:\/\/prclacisterna.cl\/\",\"name\":\"PRC La Cisterna\",\"description\":\"\",\"publisher\":{\"@id\":\"https:\/\/prclacisterna.cl\/#organization\"},\"potentialAction\":[{\"@type\":\"SearchAction\",\"target\":{\"@type\":\"EntryPoint\",\"urlTemplate\":\"https:\/\/prclacisterna.cl\/?s={search_term_string}\"},\"query-input\":{\"@type\":\"PropertyValueSpecification\",\"valueRequired\":true,\"valueName\":\"search_term_string\"}}],\"inLanguage\":\"es-CL\"},{\"@type\":\"Organization\",\"@id\":\"https:\/\/prclacisterna.cl\/#organization\",\"name\":\"PRC La Cisterna\",\"url\":\"https:\/\/prclacisterna.cl\/\",\"logo\":{\"@type\":\"ImageObject\",\"inLanguage\":\"es-CL\",\"@id\":\"https:\/\/prclacisterna.cl\/#\/schema\/logo\/image\/\",\"url\":\"https:\/\/prclacisterna.cl\/wp-content\/uploads\/2026\/04\/cropped-ICONOS-LA-CISTERNA-2.png\",\"contentUrl\":\"https:\/\/prclacisterna.cl\/wp-content\/uploads\/2026\/04\/cropped-ICONOS-LA-CISTERNA-2.png\",\"width\":1000,\"height\":175,\"caption\":\"PRC La Cisterna\"},\"image\":{\"@id\":\"https:\/\/prclacisterna.cl\/#\/schema\/logo\/image\/\"}}]}<\/script>\n<!-- \/ Yoast SEO plugin. -->","yoast_head_json":{"title":"Participaci\u00f3n Ciudadana - PRC La Cisterna","robots":{"index":"index","follow":"follow","max-snippet":"max-snippet:-1","max-image-preview":"max-image-preview:large","max-video-preview":"max-video-preview:-1"},"canonical":"https:\/\/prclacisterna.cl\/?page_id=122","og_locale":"es_ES","og_type":"article","og_title":"Participaci\u00f3n Ciudadana - PRC La Cisterna","og_description":"Participaci\u00f3n Ciudadana En esta p\u00e1gina se hace el seguimiento a las actividades de participaci\u00f3n, Estas consisten en talleres de participaci\u00f3n con la comunidad organizados por unidades vecinales, talleres comunales, mesas de trabajo, encuestas de opini\u00f3n y audiencias p\u00fablicas en momentos clave del proceso","og_url":"https:\/\/prclacisterna.cl\/?page_id=122","og_site_name":"PRC La Cisterna","article_modified_time":"2026-04-11T22:51:46+00:00","twitter_card":"summary_large_image","twitter_misc":{"Tiempo estimado de lectura":"1 minuto"},"schema":{"@context":"https:\/\/schema.org","@graph":[{"@type":"WebPage","@id":"https:\/\/prclacisterna.cl\/?page_id=122","url":"https:\/\/prclacisterna.cl\/?page_id=122","name":"Participaci\u00f3n Ciudadana - PRC La Cisterna","isPartOf":{"@id":"https:\/\/prclacisterna.cl\/#website"},"datePublished":"2026-04-11T22:51:16+00:00","dateModified":"2026-04-11T22:51:46+00:00","breadcrumb":{"@id":"https:\/\/prclacisterna.cl\/?page_id=122#breadcrumb"},"inLanguage":"es-CL","potentialAction":[{"@type":"ReadAction","target":["https:\/\/prclacisterna.cl\/?page_id=122"]}]},{"@type":"BreadcrumbList","@id":"https:\/\/prclacisterna.cl\/?page_id=122#breadcrumb","itemListElement":[{"@type":"ListItem","position":1,"name":"Portada","item":"https:\/\/prclacisterna.cl\/"},{"@type":"ListItem","position":2,"name":"Participaci\u00f3n Ciudadana"}]},{"@type":"WebSite","@id":"https:\/\/prclacisterna.cl\/#website","url":"https:\/\/prclacisterna.cl\/","name":"PRC La Cisterna","description":"","publisher":{"@id":"https:\/\/prclacisterna.cl\/#organization"},"potentialAction":[{"@type":"SearchAction","target":{"@type":"EntryPoint","urlTemplate":"https:\/\/prclacisterna.cl\/?s={search_term_string}"},"query-input":{"@type":"PropertyValueSpecification","valueRequired":true,"valueName":"search_term_string"}}],"inLanguage":"es-CL"},{"@type":"Organization","@id":"https:\/\/prclacisterna.cl\/#organization","name":"PRC La Cisterna","url":"https:\/\/prclacisterna.cl\/","logo":{"@type":"ImageObject","inLanguage":"es-CL","@id":"https:\/\/prclacisterna.cl\/#\/schema\/logo\/image\/","url":"https:\/\/prclacisterna.cl\/wp-content\/uploads\/2026\/04\/cropped-ICONOS-LA-CISTERNA-2.png","contentUrl":"https:\/\/prclacisterna.cl\/wp-content\/uploads\/2026\/04\/cropped-ICONOS-LA-CISTERNA-2.png","width":1000,"height":175,"caption":"PRC La Cisterna"},"image":{"@id":"https:\/\/prclacisterna.cl\/#\/schema\/logo\/image\/"}}]}},"uagb_featured_image_src":{"full":false,"thumbnail":false,"medium":false,"medium_large":false,"large":false,"1536x1536":false,"2048x2048":false},"uagb_author_info":{"display_name":"Leonardo Vera","author_link":"https:\/\/prclacisterna.cl\/?author=3"},"uagb_comment_info":0,"uagb_excerpt":"Participaci\u00f3n Ciudadana En esta p\u00e1gina se hace el seguimiento a las actividades de participaci\u00f3n, Estas consisten en talleres de participaci\u00f3n con la comunidad organizados por unidades vecinales, talleres comunales, mesas de trabajo, encuestas de opini\u00f3n y audiencias p\u00fablicas en momentos clave del proceso","_links":{"self":[{"href":"https:\/\/prclacisterna.cl\/index.php?rest_route=\/wp\/v2\/pages\/122","targetHints":{"allow":["GET"]}}],"collection":[{"href":"https:\/\/prclacisterna.cl\/index.php?rest_route=\/wp\/v2\/pages"}],"about":[{"href":"https:\/\/prclacisterna.cl\/index.php?rest_route=\/wp\/v2\/types\/page"}],"author":[{"embeddable":true,"href":"https:\/\/prclacisterna.cl\/index.php?rest_route=\/wp\/v2\/users\/3"}],"replies":[{"embeddable":true,"href":"https:\/\/prclacisterna.cl\/index.php?rest_route=%2Fwp%2Fv2%2Fcomments&post=122"}],"version-history":[{"count":2,"href":"https:\/\/prclacisterna.cl\/index.php?rest_route=\/wp\/v2\/pages\/122\/revisions"}],"predecessor-version":[{"id":124,"href":"https:\/\/prclacisterna.cl\/index.php?rest_route=\/wp\/v2\/pages\/122\/revisions\/124"}],"wp:attachment":[{"href":"https:\/\/prclacisterna.cl\/index.php?rest_route=%2Fwp%2Fv2%2Fmedia&parent=122"}],"curies":[{"name":"wp","href":"https:\/\/api.w.org\/{rel}","templated":true}]}}