{"id":14,"date":"2026-03-30T16:57:18","date_gmt":"2026-03-30T16:57:18","guid":{"rendered":"https:\/\/prclacisterna.cl\/?page_id=14"},"modified":"2026-04-12T16:26:46","modified_gmt":"2026-04-12T16:26:46","slug":"inicio","status":"publish","type":"page","link":"https:\/\/prclacisterna.cl\/","title":{"rendered":"Inicio"},"content":{"rendered":"\n<div class=\"wp-block-columns are-vertically-aligned-top has-background is-layout-flex wp-container-core-columns-is-layout-28f84493 wp-block-columns-is-layout-flex\" style=\"background-color:#0c4f3273\">\n<div class=\"wp-block-column is-vertically-aligned-top is-layout-flow wp-block-column-is-layout-flow\" style=\"flex-basis:50%\">\n<div class=\"wp-block-cover wp-duotone-blue-red\" style=\"font-size:6px;font-style:normal;font-weight:400;line-height:0\"><img loading=\"lazy\" decoding=\"async\" width=\"1024\" height=\"576\" class=\"wp-block-cover__image-background wp-image-43\" alt=\"\" src=\"https:\/\/prclacisterna.cl\/wp-content\/uploads\/2026\/03\/google-earth-1-1024x576.jpg\" data-object-fit=\"cover\" srcset=\"https:\/\/prclacisterna.cl\/wp-content\/uploads\/2026\/03\/google-earth-1-1024x576.jpg 1024w, https:\/\/prclacisterna.cl\/wp-content\/uploads\/2026\/03\/google-earth-1-300x169.jpg 300w, https:\/\/prclacisterna.cl\/wp-content\/uploads\/2026\/03\/google-earth-1-768x432.jpg 768w, https:\/\/prclacisterna.cl\/wp-content\/uploads\/2026\/03\/google-earth-1-1536x864.jpg 1536w, https:\/\/prclacisterna.cl\/wp-content\/uploads\/2026\/03\/google-earth-1-2048x1152.jpg 2048w\" sizes=\"auto, (max-width: 1024px) 100vw, 1024px\" \/><span aria-hidden=\"true\" class=\"wp-block-cover__background has-background-dim-20 has-background-dim\"><\/span><div class=\"wp-block-cover__inner-container is-layout-flow wp-block-cover-is-layout-flow\">\n<div class=\"wp-block-uagb-advanced-heading uagb-block-33fcb539\"><h2 class=\"uagb-heading-text\">ACTUALIZACI\u00d3N DEL<br>PLAN REGULADOR COMUNAL DE<br>LA CISTERNA<\/h2><\/div>\n\n\n\n<div class=\"wp-block-uagb-buttons uagb-buttons__outer-wrap uagb-btn__default-btn uagb-btn-tablet__default-btn uagb-btn-mobile__default-btn uagb-block-0707150e\"><div class=\"uagb-buttons__wrap uagb-buttons-layout-wrap \">\n<div class=\"wp-block-uagb-buttons-child uagb-buttons__outer-wrap uagb-block-69e933a4 wp-block-button\"><div class=\"uagb-button__wrapper\"><a class=\"uagb-buttons-repeater wp-block-button__link\" aria-label=\"\" href=\"#accede\" rel=\"follow noopener\" target=\"_self\" role=\"button\"><div class=\"uagb-button__link\">conocer m\u00e1s<\/div><\/a><\/div><\/div>\n<\/div><\/div>\n<\/div><\/div>\n<\/div>\n\n\n\n<div class=\"wp-block-column is-layout-flow wp-block-column-is-layout-flow\"><\/div>\n\n\n\n<div class=\"wp-block-column is-vertically-aligned-top is-layout-flow wp-block-column-is-layout-flow\" style=\"flex-basis:50%\">\n<figure class=\"wp-block-image alignright size-full is-resized is-style-default\"><a href=\"https:\/\/prclacisterna.cl\/wp-content\/uploads\/2026\/03\/DIFUSION-PLAN-REGULADOR-PRC.png\"><img loading=\"lazy\" decoding=\"async\" width=\"1080\" height=\"1350\" src=\"https:\/\/prclacisterna.cl\/wp-content\/uploads\/2026\/03\/DIFUSION-PLAN-REGULADOR-PRC.png\" alt=\"\" class=\"wp-image-95\" style=\"aspect-ratio:0.7998176014591883;object-fit:contain;width:344px;height:auto\" srcset=\"https:\/\/prclacisterna.cl\/wp-content\/uploads\/2026\/03\/DIFUSION-PLAN-REGULADOR-PRC.png 1080w, https:\/\/prclacisterna.cl\/wp-content\/uploads\/2026\/03\/DIFUSION-PLAN-REGULADOR-PRC-240x300.png 240w, https:\/\/prclacisterna.cl\/wp-content\/uploads\/2026\/03\/DIFUSION-PLAN-REGULADOR-PRC-819x1024.png 819w, https:\/\/prclacisterna.cl\/wp-content\/uploads\/2026\/03\/DIFUSION-PLAN-REGULADOR-PRC-768x960.png 768w\" sizes=\"auto, (max-width: 1080px) 100vw, 1080px\" \/><\/a><\/figure>\n<\/div>\n<\/div>\n\n\n\n<div class=\"wp-block-group has-background is-layout-constrained wp-block-group-is-layout-constrained\" style=\"background-color:#c95908a6\">\n<h2 class=\"wp-block-heading has-text-align-center has-ast-global-color-3-color has-text-color has-link-color wp-elements-e5f1f124f5caeffcbe971718b8f8d152\">NOVEDADES<\/h2>\n\n\n\n\t\t\t<div class=\"wp-block-uagb-post-carousel uagb-post-grid  uagb-post__image-position-background uagb-post__image-enabled uagb-block-30a8c020     uagb-post__arrow-outside uagb-post__items uagb-post__columns-1 is-carousel uagb-post__columns-tablet-2 uagb-post__columns-mobile-1 uagb-post__carousel_equal-height\" data-total=\"1\" style=\"\">\n\n\t\t\t\t\t\t\t\t\t\t\t\t<article class=\"uagb-post__inner-wrap\">\t\t\t\t\t\t\t\t<h2 class=\"uagb-post__title uagb-post__text\">\n\t\t\t\t<a href=\"https:\/\/prclacisterna.cl\/?p=1\" target=\"_self\" rel=\"bookmark noopener noreferrer\">Atenci\u00f3n! Primeros talleres territoriales<\/a>\n\t\t\t<\/h2>\n\t\t\t\t\t\t<div class='uagb-post__text uagb-post-grid-byline'>\n\t\t\t\t\t\t\t<\/div>\n\t\t\t\t\t\t\t<div class='uagb-post__text uagb-post__excerpt'>\n\t\t\t\t\t<p>En Abril comenzar\u00e1n las actividades de participaci\u00f3n del proceso de actualizaci\u00f3n del Plan Regulador de La Cisterna con una serie de talleres de participaci\u00f3n en los diversos territorios de la comuna. El&#8230;\t\t\t\t<\/div>\n\t\t\t\t\t\t<div class=\"uagb-post__text uagb-post__cta wp-block-button\">\n\t\t\t\t<a class=\"wp-block-button__link uagb-text-link\" style=\"\" href=\"https:\/\/prclacisterna.cl\/?p=1\" target=\"_self\" rel=\"bookmark noopener noreferrer\">Leer m\u00e1s<\/a>\n\t\t\t<\/div>\n\t\t\t\t\t\t<div class='uagb-post__image'>\n\t\t\t\t\t\t\t\t\t<a href=\"https:\/\/prclacisterna.cl\/?p=1\" target=\"_self\" rel=\"bookmark noopener noreferrer\"><img loading=\"lazy\" decoding=\"async\" width=\"768\" height=\"960\" src=\"https:\/\/prclacisterna.cl\/wp-content\/uploads\/2026\/03\/DIFUSION-PLAN-REGULADOR-PRC-768x960.png\" class=\"attachment-medium_large size-medium_large\" alt=\"\" srcset=\"https:\/\/prclacisterna.cl\/wp-content\/uploads\/2026\/03\/DIFUSION-PLAN-REGULADOR-PRC-768x960.png 768w, https:\/\/prclacisterna.cl\/wp-content\/uploads\/2026\/03\/DIFUSION-PLAN-REGULADOR-PRC-240x300.png 240w, https:\/\/prclacisterna.cl\/wp-content\/uploads\/2026\/03\/DIFUSION-PLAN-REGULADOR-PRC-819x1024.png 819w, https:\/\/prclacisterna.cl\/wp-content\/uploads\/2026\/03\/DIFUSION-PLAN-REGULADOR-PRC.png 1080w\" sizes=\"auto, (max-width: 768px) 100vw, 768px\" \/>\t\t\t\t\t<\/a>\n\t\t\t\t\t\t\t\t\t<\/div>\n\t\t\t\n\t\t\t\t\t\t\t\t<a class=\"uagb-post__link-complete-box\" href=\"https:\/\/prclacisterna.cl\/?p=1\" target=\"_self\" rel=\"bookmark noopener noreferrer\"><\/a>\n\t\t\t\t\t\t\t<\/article>\n\t\t\t\t\t\t\t\t\t\t\t<\/div>\n\t\t\t<\/div>\n\n\n\n<div class=\"wp-block-group alignfull is-layout-constrained wp-container-core-group-is-layout-8b688978 wp-block-group-is-layout-constrained\" id=\"whyus\" style=\"padding-top:144px;padding-bottom:144px\">\n<h1 class=\"wp-block-heading has-text-align-center has-ast-global-color-3-color has-text-color has-link-color has-x-large-font-size wp-elements-f8aa2a8a8646c169935cd40b9ed1fa7b\" id=\"accede\" style=\"border-style:none;border-width:0px;line-height:0.9\">Accede a<\/h1>\n\n\n\n<div class=\"wp-block-columns is-layout-flex wp-container-core-columns-is-layout-29aadeec wp-block-columns-is-layout-flex\" style=\"margin-top:60px\">\n<div class=\"wp-block-column is-layout-flow wp-container-core-column-is-layout-6b73ce23 wp-block-column-is-layout-flow\">\n<figure class=\"wp-block-image aligncenter size-full is-resized\"><a href=\"https:\/\/prclacisterna.cl\/?page_id=122\"><img loading=\"lazy\" decoding=\"async\" width=\"500\" height=\"500\" src=\"https:\/\/prclacisterna.cl\/wp-content\/uploads\/2026\/03\/1.png\" alt=\"\" class=\"wp-image-49\" style=\"width:162px;height:auto\" srcset=\"https:\/\/prclacisterna.cl\/wp-content\/uploads\/2026\/03\/1.png 500w, https:\/\/prclacisterna.cl\/wp-content\/uploads\/2026\/03\/1-300x300.png 300w, https:\/\/prclacisterna.cl\/wp-content\/uploads\/2026\/03\/1-150x150.png 150w\" sizes=\"auto, (max-width: 500px) 100vw, 500px\" \/><\/a><\/figure>\n\n\n\n<h4 class=\"wp-block-heading has-text-align-center has-ast-global-color-3-color has-text-color has-link-color wp-elements-196e877e9f52e0a27df70115902e5eb6\" style=\"margin-top:16px\"><a href=\"https:\/\/prclacisterna.cl\/?page_id=122\" type=\"page\" id=\"122\">Participaci\u00f3n Ciudadana<\/a><\/h4>\n\n\n\n<p class=\"has-text-align-center has-small-font-size\"><strong>Convocatorias y resultados de las reuniones y talleres de participaci\u00f3n ciudadana<\/strong><\/p>\n<\/div>\n\n\n\n<div class=\"wp-block-column is-layout-flow wp-container-core-column-is-layout-6b73ce23 wp-block-column-is-layout-flow\">\n<figure class=\"wp-block-image aligncenter size-full is-resized\"><a href=\"https:\/\/prclacisterna.cl\/?page_id=114\"><img loading=\"lazy\" decoding=\"async\" width=\"500\" height=\"500\" src=\"https:\/\/prclacisterna.cl\/wp-content\/uploads\/2026\/03\/3.png\" alt=\"\" class=\"wp-image-51\" style=\"width:166px;height:auto\" srcset=\"https:\/\/prclacisterna.cl\/wp-content\/uploads\/2026\/03\/3.png 500w, https:\/\/prclacisterna.cl\/wp-content\/uploads\/2026\/03\/3-300x300.png 300w, https:\/\/prclacisterna.cl\/wp-content\/uploads\/2026\/03\/3-150x150.png 150w\" sizes=\"auto, (max-width: 500px) 100vw, 500px\" \/><\/a><\/figure>\n\n\n\n<h4 class=\"wp-block-heading has-text-align-center has-ast-global-color-3-color has-text-color has-link-color wp-elements-083b0f47b9789757259479030400dcc7\" style=\"margin-top:16px\"><a href=\"https:\/\/prclacisterna.cl\/?page_id=114\">Evaluaci\u00f3n Ambiental Estrat\u00e9gica (E.A.E.)<\/a><\/h4>\n\n\n\n<p class=\"has-text-align-center has-small-font-size\"><strong>Procedimiento que incluye, de manera temprana, principios de sustentabilidad ambiental, social y econ\u00f3mica en el dise\u00f1o del Plan<\/strong><\/p>\n<\/div>\n\n\n\n<div class=\"wp-block-column is-layout-flow wp-container-core-column-is-layout-6b73ce23 wp-block-column-is-layout-flow\">\n<figure class=\"wp-block-image aligncenter size-full is-resized\"><img loading=\"lazy\" decoding=\"async\" width=\"500\" height=\"500\" src=\"https:\/\/prclacisterna.cl\/wp-content\/uploads\/2026\/03\/2.png\" alt=\"\" class=\"wp-image-52\" style=\"width:164px;height:auto\" srcset=\"https:\/\/prclacisterna.cl\/wp-content\/uploads\/2026\/03\/2.png 500w, https:\/\/prclacisterna.cl\/wp-content\/uploads\/2026\/03\/2-300x300.png 300w, https:\/\/prclacisterna.cl\/wp-content\/uploads\/2026\/03\/2-150x150.png 150w\" sizes=\"auto, (max-width: 500px) 100vw, 500px\" \/><\/figure>\n\n\n\n<h4 class=\"wp-block-heading has-text-align-center has-ast-global-color-3-color has-text-color has-link-color wp-elements-46a1e69ddbf799f0d7fd3b0d8c4e89bf\" style=\"margin-top:16px\">Documentos<\/h4>\n\n\n\n<p class=\"has-text-align-center has-small-font-size\"><strong>Accede a documentaci\u00f3n relevante del Proceso, desde las normativas vigentes hasta los resultados por cada etapa del Estudio<\/strong><\/p>\n<\/div>\n<\/div>\n\n\n\n<div class=\"wp-block-columns is-layout-flex wp-container-core-columns-is-layout-29aadeec wp-block-columns-is-layout-flex\" style=\"margin-top:60px\">\n<div class=\"wp-block-column is-layout-flow wp-container-core-column-is-layout-6b73ce23 wp-block-column-is-layout-flow\">\n<figure class=\"wp-block-image aligncenter size-full is-resized\"><a href=\"https:\/\/www.cisterna.cl\/pages\/body\/plan-regulador-comunal\"><img loading=\"lazy\" decoding=\"async\" width=\"1000\" height=\"1000\" src=\"https:\/\/prclacisterna.cl\/wp-content\/uploads\/2026\/04\/ICONOS-LA-CISTERNA-6.png\" alt=\"\" class=\"wp-image-160\" style=\"width:162px;height:auto\" srcset=\"https:\/\/prclacisterna.cl\/wp-content\/uploads\/2026\/04\/ICONOS-LA-CISTERNA-6.png 1000w, https:\/\/prclacisterna.cl\/wp-content\/uploads\/2026\/04\/ICONOS-LA-CISTERNA-6-300x300.png 300w, https:\/\/prclacisterna.cl\/wp-content\/uploads\/2026\/04\/ICONOS-LA-CISTERNA-6-150x150.png 150w, https:\/\/prclacisterna.cl\/wp-content\/uploads\/2026\/04\/ICONOS-LA-CISTERNA-6-768x768.png 768w\" sizes=\"auto, (max-width: 1000px) 100vw, 1000px\" \/><\/a><\/figure>\n\n\n\n<h4 class=\"wp-block-heading has-text-align-center has-ast-global-color-3-color has-text-color has-link-color wp-elements-d831de34b21c917209f4c08f1f8931ea\" style=\"margin-top:16px\"><a href=\"https:\/\/www.cisterna.cl\/pages\/body\/plan-regulador-comunal\" type=\"page\" id=\"122\">Plan Regulador Vigente<\/a><\/h4>\n\n\n\n<p class=\"has-text-align-center has-small-font-size\"><strong>P\u00e1gina del municipio ciudadano que explica Qu\u00e9 es es un Plan Regulador y su situaci\u00f3n vigente<\/strong><\/p>\n<\/div>\n\n\n\n<div class=\"wp-block-column is-layout-flow wp-container-core-column-is-layout-6b73ce23 wp-block-column-is-layout-flow\">\n<figure class=\"wp-block-image aligncenter size-full is-resized\"><img loading=\"lazy\" decoding=\"async\" width=\"1000\" height=\"1000\" src=\"https:\/\/prclacisterna.cl\/wp-content\/uploads\/2026\/04\/ICONOS-LA-CISTERNA-7.png\" alt=\"\" class=\"wp-image-165\" style=\"width:166px;height:auto\" srcset=\"https:\/\/prclacisterna.cl\/wp-content\/uploads\/2026\/04\/ICONOS-LA-CISTERNA-7.png 1000w, https:\/\/prclacisterna.cl\/wp-content\/uploads\/2026\/04\/ICONOS-LA-CISTERNA-7-300x300.png 300w, https:\/\/prclacisterna.cl\/wp-content\/uploads\/2026\/04\/ICONOS-LA-CISTERNA-7-150x150.png 150w, https:\/\/prclacisterna.cl\/wp-content\/uploads\/2026\/04\/ICONOS-LA-CISTERNA-7-768x768.png 768w\" sizes=\"auto, (max-width: 1000px) 100vw, 1000px\" \/><\/figure>\n\n\n\n<h4 class=\"wp-block-heading has-text-align-center has-ast-global-color-3-color has-text-color has-link-color wp-elements-a6fe1d7c2e8cb3637c2c9ed853863826\" style=\"margin-top:16px\"><a href=\"#accede\" type=\"internal\" id=\"#accede\">Buz\u00f3n Ciudadano<\/a><\/h4>\n\n\n\n<p class=\"has-text-align-center has-small-font-size\"><strong>Queremos recibir sus consultas y dudas sobre el proceso, para orientar la difusi\u00f3n y los contenidos del Estudio<\/strong><\/p>\n<\/div>\n<\/div>\n<\/div>\n\n\n\n<p><\/p>\n","protected":false},"excerpt":{"rendered":"<p>NOVEDADES Accede a Participaci\u00f3n Ciudadana Convocatorias y resultados de las reuniones y talleres de participaci\u00f3n ciudadana Evaluaci\u00f3n Ambiental Estrat\u00e9gica (E.A.E.) Procedimiento que incluye, de manera temprana, principios de sustentabilidad ambiental, social y econ\u00f3mica en el dise\u00f1o del Plan Documentos Accede a documentaci\u00f3n relevante del Proceso, desde las normativas vigentes hasta los resultados por cada etapa [&hellip;]<\/p>\n","protected":false},"author":3,"featured_media":0,"parent":0,"menu_order":0,"comment_status":"closed","ping_status":"closed","template":"","meta":{"_uag_custom_page_level_css":"","site-sidebar-layout":"no-sidebar","site-content-layout":"plain-container","ast-site-content-layout":"default","site-content-style":"default","site-sidebar-style":"default","ast-global-header-display":"","ast-banner-title-visibility":"","ast-main-header-display":"","ast-hfb-above-header-display":"","ast-hfb-below-header-display":"","ast-hfb-mobile-header-display":"","site-post-title":"disabled","ast-breadcrumbs-content":"","ast-featured-img":"","footer-sml-layout":"","ast-disable-related-posts":"","theme-transparent-header-meta":"enabled","adv-header-id-meta":"","stick-header-meta":"","header-above-stick-meta":"","header-main-stick-meta":"","header-below-stick-meta":"","astra-migrate-meta-layouts":"default","ast-page-background-enabled":"default","ast-page-background-meta":{"desktop":{"background-color":"var(--ast-global-color-5)","background-image":"","background-repeat":"repeat","background-position":"center center","background-size":"auto","background-attachment":"scroll","background-type":"","background-media":"","overlay-type":"","overlay-color":"","overlay-opacity":"","overlay-gradient":""},"tablet":{"background-color":"","background-image":"","background-repeat":"repeat","background-position":"center center","background-size":"auto","background-attachment":"scroll","background-type":"","background-media":"","overlay-type":"","overlay-color":"","overlay-opacity":"","overlay-gradient":""},"mobile":{"background-color":"","background-image":"","background-repeat":"repeat","background-position":"center center","background-size":"auto","background-attachment":"scroll","background-type":"","background-media":"","overlay-type":"","overlay-color":"","overlay-opacity":"","overlay-gradient":""}},"ast-content-background-meta":{"desktop":{"background-color":"var(--ast-global-color-4)","background-image":"","background-repeat":"repeat","background-position":"center center","background-size":"auto","background-attachment":"scroll","background-type":"","background-media":"","overlay-type":"","overlay-color":"","overlay-opacity":"","overlay-gradient":""},"tablet":{"background-color":"var(--ast-global-color-4)","background-image":"","background-repeat":"repeat","background-position":"center center","background-size":"auto","background-attachment":"scroll","background-type":"","background-media":"","overlay-type":"","overlay-color":"","overlay-opacity":"","overlay-gradient":""},"mobile":{"background-color":"var(--ast-global-color-4)","background-image":"","background-repeat":"repeat","background-position":"center center","background-size":"auto","background-attachment":"scroll","background-type":"","background-media":"","overlay-type":"","overlay-color":"","overlay-opacity":"","overlay-gradient":""}},"footnotes":""},"class_list":["post-14","page","type-page","status-publish","hentry"],"yoast_head":"<!-- This site is optimized with the Yoast SEO plugin v27.1.1 - https:\/\/yoast.com\/product\/yoast-seo-wordpress\/ -->\n<title>Inicio - PRC La Cisterna<\/title>\n<meta name=\"robots\" content=\"index, follow, max-snippet:-1, max-image-preview:large, max-video-preview:-1\" \/>\n<link rel=\"canonical\" href=\"https:\/\/prclacisterna.cl\/\" \/>\n<meta property=\"og:locale\" content=\"es_ES\" \/>\n<meta property=\"og:type\" content=\"article\" \/>\n<meta property=\"og:title\" content=\"Inicio - PRC La Cisterna\" \/>\n<meta property=\"og:description\" content=\"NOVEDADES Accede a Participaci\u00f3n Ciudadana Convocatorias y resultados de las reuniones y talleres de participaci\u00f3n ciudadana Evaluaci\u00f3n Ambiental Estrat\u00e9gica (E.A.E.) Procedimiento que incluye, de manera temprana, principios de sustentabilidad ambiental, social y econ\u00f3mica en el dise\u00f1o del Plan Documentos Accede a documentaci\u00f3n relevante del Proceso, desde las normativas vigentes hasta los resultados por cada etapa [&hellip;]\" \/>\n<meta property=\"og:url\" content=\"https:\/\/prclacisterna.cl\/\" \/>\n<meta property=\"og:site_name\" content=\"PRC La Cisterna\" \/>\n<meta property=\"article:modified_time\" content=\"2026-04-12T16:26:46+00:00\" \/>\n<meta property=\"og:image\" content=\"https:\/\/prclacisterna.cl\/wp-content\/uploads\/2026\/03\/google-earth-1-scaled.jpg\" \/>\n\t<meta property=\"og:image:width\" content=\"2560\" \/>\n\t<meta property=\"og:image:height\" content=\"1440\" \/>\n\t<meta property=\"og:image:type\" content=\"image\/jpeg\" \/>\n<meta name=\"twitter:card\" content=\"summary_large_image\" \/>\n<meta name=\"twitter:label1\" content=\"Tiempo estimado de lectura\" \/>\n\t<meta name=\"twitter:data1\" content=\"2 minutos\" \/>\n<script type=\"application\/ld+json\" class=\"yoast-schema-graph\">{\"@context\":\"https:\/\/schema.org\",\"@graph\":[{\"@type\":\"WebPage\",\"@id\":\"https:\/\/prclacisterna.cl\/\",\"url\":\"https:\/\/prclacisterna.cl\/\",\"name\":\"Inicio - PRC La Cisterna\",\"isPartOf\":{\"@id\":\"https:\/\/prclacisterna.cl\/#website\"},\"primaryImageOfPage\":{\"@id\":\"https:\/\/prclacisterna.cl\/#primaryimage\"},\"image\":{\"@id\":\"https:\/\/prclacisterna.cl\/#primaryimage\"},\"thumbnailUrl\":\"https:\/\/prclacisterna.cl\/wp-content\/uploads\/2026\/03\/google-earth-1-1024x576.jpg\",\"datePublished\":\"2026-03-30T16:57:18+00:00\",\"dateModified\":\"2026-04-12T16:26:46+00:00\",\"breadcrumb\":{\"@id\":\"https:\/\/prclacisterna.cl\/#breadcrumb\"},\"inLanguage\":\"es-CL\",\"potentialAction\":[{\"@type\":\"ReadAction\",\"target\":[\"https:\/\/prclacisterna.cl\/\"]}]},{\"@type\":\"ImageObject\",\"inLanguage\":\"es-CL\",\"@id\":\"https:\/\/prclacisterna.cl\/#primaryimage\",\"url\":\"https:\/\/prclacisterna.cl\/wp-content\/uploads\/2026\/03\/google-earth-1-scaled.jpg\",\"contentUrl\":\"https:\/\/prclacisterna.cl\/wp-content\/uploads\/2026\/03\/google-earth-1-scaled.jpg\",\"width\":2560,\"height\":1440},{\"@type\":\"BreadcrumbList\",\"@id\":\"https:\/\/prclacisterna.cl\/#breadcrumb\",\"itemListElement\":[{\"@type\":\"ListItem\",\"position\":1,\"name\":\"Portada\",\"item\":\"https:\/\/prclacisterna.cl\/\"},{\"@type\":\"ListItem\",\"position\":2,\"name\":\"Inicio\"}]},{\"@type\":\"WebSite\",\"@id\":\"https:\/\/prclacisterna.cl\/#website\",\"url\":\"https:\/\/prclacisterna.cl\/\",\"name\":\"PRC La Cisterna\",\"description\":\"\",\"publisher\":{\"@id\":\"https:\/\/prclacisterna.cl\/#organization\"},\"potentialAction\":[{\"@type\":\"SearchAction\",\"target\":{\"@type\":\"EntryPoint\",\"urlTemplate\":\"https:\/\/prclacisterna.cl\/?s={search_term_string}\"},\"query-input\":{\"@type\":\"PropertyValueSpecification\",\"valueRequired\":true,\"valueName\":\"search_term_string\"}}],\"inLanguage\":\"es-CL\"},{\"@type\":\"Organization\",\"@id\":\"https:\/\/prclacisterna.cl\/#organization\",\"name\":\"PRC La Cisterna\",\"url\":\"https:\/\/prclacisterna.cl\/\",\"logo\":{\"@type\":\"ImageObject\",\"inLanguage\":\"es-CL\",\"@id\":\"https:\/\/prclacisterna.cl\/#\/schema\/logo\/image\/\",\"url\":\"https:\/\/prclacisterna.cl\/wp-content\/uploads\/2026\/04\/cropped-ICONOS-LA-CISTERNA-2.png\",\"contentUrl\":\"https:\/\/prclacisterna.cl\/wp-content\/uploads\/2026\/04\/cropped-ICONOS-LA-CISTERNA-2.png\",\"width\":1000,\"height\":175,\"caption\":\"PRC La Cisterna\"},\"image\":{\"@id\":\"https:\/\/prclacisterna.cl\/#\/schema\/logo\/image\/\"}}]}<\/script>\n<!-- \/ Yoast SEO plugin. -->","yoast_head_json":{"title":"Inicio - PRC La Cisterna","robots":{"index":"index","follow":"follow","max-snippet":"max-snippet:-1","max-image-preview":"max-image-preview:large","max-video-preview":"max-video-preview:-1"},"canonical":"https:\/\/prclacisterna.cl\/","og_locale":"es_ES","og_type":"article","og_title":"Inicio - PRC La Cisterna","og_description":"NOVEDADES Accede a Participaci\u00f3n Ciudadana Convocatorias y resultados de las reuniones y talleres de participaci\u00f3n ciudadana Evaluaci\u00f3n Ambiental Estrat\u00e9gica (E.A.E.) Procedimiento que incluye, de manera temprana, principios de sustentabilidad ambiental, social y econ\u00f3mica en el dise\u00f1o del Plan Documentos Accede a documentaci\u00f3n relevante del Proceso, desde las normativas vigentes hasta los resultados por cada etapa [&hellip;]","og_url":"https:\/\/prclacisterna.cl\/","og_site_name":"PRC La Cisterna","article_modified_time":"2026-04-12T16:26:46+00:00","og_image":[{"width":2560,"height":1440,"url":"https:\/\/prclacisterna.cl\/wp-content\/uploads\/2026\/03\/google-earth-1-scaled.jpg","type":"image\/jpeg"}],"twitter_card":"summary_large_image","twitter_misc":{"Tiempo estimado de lectura":"2 minutos"},"schema":{"@context":"https:\/\/schema.org","@graph":[{"@type":"WebPage","@id":"https:\/\/prclacisterna.cl\/","url":"https:\/\/prclacisterna.cl\/","name":"Inicio - PRC La Cisterna","isPartOf":{"@id":"https:\/\/prclacisterna.cl\/#website"},"primaryImageOfPage":{"@id":"https:\/\/prclacisterna.cl\/#primaryimage"},"image":{"@id":"https:\/\/prclacisterna.cl\/#primaryimage"},"thumbnailUrl":"https:\/\/prclacisterna.cl\/wp-content\/uploads\/2026\/03\/google-earth-1-1024x576.jpg","datePublished":"2026-03-30T16:57:18+00:00","dateModified":"2026-04-12T16:26:46+00:00","breadcrumb":{"@id":"https:\/\/prclacisterna.cl\/#breadcrumb"},"inLanguage":"es-CL","potentialAction":[{"@type":"ReadAction","target":["https:\/\/prclacisterna.cl\/"]}]},{"@type":"ImageObject","inLanguage":"es-CL","@id":"https:\/\/prclacisterna.cl\/#primaryimage","url":"https:\/\/prclacisterna.cl\/wp-content\/uploads\/2026\/03\/google-earth-1-scaled.jpg","contentUrl":"https:\/\/prclacisterna.cl\/wp-content\/uploads\/2026\/03\/google-earth-1-scaled.jpg","width":2560,"height":1440},{"@type":"BreadcrumbList","@id":"https:\/\/prclacisterna.cl\/#breadcrumb","itemListElement":[{"@type":"ListItem","position":1,"name":"Portada","item":"https:\/\/prclacisterna.cl\/"},{"@type":"ListItem","position":2,"name":"Inicio"}]},{"@type":"WebSite","@id":"https:\/\/prclacisterna.cl\/#website","url":"https:\/\/prclacisterna.cl\/","name":"PRC La Cisterna","description":"","publisher":{"@id":"https:\/\/prclacisterna.cl\/#organization"},"potentialAction":[{"@type":"SearchAction","target":{"@type":"EntryPoint","urlTemplate":"https:\/\/prclacisterna.cl\/?s={search_term_string}"},"query-input":{"@type":"PropertyValueSpecification","valueRequired":true,"valueName":"search_term_string"}}],"inLanguage":"es-CL"},{"@type":"Organization","@id":"https:\/\/prclacisterna.cl\/#organization","name":"PRC La Cisterna","url":"https:\/\/prclacisterna.cl\/","logo":{"@type":"ImageObject","inLanguage":"es-CL","@id":"https:\/\/prclacisterna.cl\/#\/schema\/logo\/image\/","url":"https:\/\/prclacisterna.cl\/wp-content\/uploads\/2026\/04\/cropped-ICONOS-LA-CISTERNA-2.png","contentUrl":"https:\/\/prclacisterna.cl\/wp-content\/uploads\/2026\/04\/cropped-ICONOS-LA-CISTERNA-2.png","width":1000,"height":175,"caption":"PRC La Cisterna"},"image":{"@id":"https:\/\/prclacisterna.cl\/#\/schema\/logo\/image\/"}}]}},"uagb_featured_image_src":{"full":false,"thumbnail":false,"medium":false,"medium_large":false,"large":false,"1536x1536":false,"2048x2048":false},"uagb_author_info":{"display_name":"Leonardo Vera","author_link":"https:\/\/prclacisterna.cl\/?author=3"},"uagb_comment_info":0,"uagb_excerpt":"NOVEDADES Accede a Participaci\u00f3n Ciudadana Convocatorias y resultados de las reuniones y talleres de participaci\u00f3n ciudadana Evaluaci\u00f3n Ambiental Estrat\u00e9gica (E.A.E.) Procedimiento que incluye, de manera temprana, principios de sustentabilidad ambiental, social y econ\u00f3mica en el dise\u00f1o del Plan Documentos Accede a documentaci\u00f3n relevante del Proceso, desde las normativas vigentes hasta los resultados por cada etapa&hellip;","_links":{"self":[{"href":"https:\/\/prclacisterna.cl\/index.php?rest_route=\/wp\/v2\/pages\/14","targetHints":{"allow":["GET"]}}],"collection":[{"href":"https:\/\/prclacisterna.cl\/index.php?rest_route=\/wp\/v2\/pages"}],"about":[{"href":"https:\/\/prclacisterna.cl\/index.php?rest_route=\/wp\/v2\/types\/page"}],"author":[{"embeddable":true,"href":"https:\/\/prclacisterna.cl\/index.php?rest_route=\/wp\/v2\/users\/3"}],"replies":[{"embeddable":true,"href":"https:\/\/prclacisterna.cl\/index.php?rest_route=%2Fwp%2Fv2%2Fcomments&post=14"}],"version-history":[{"count":50,"href":"https:\/\/prclacisterna.cl\/index.php?rest_route=\/wp\/v2\/pages\/14\/revisions"}],"predecessor-version":[{"id":176,"href":"https:\/\/prclacisterna.cl\/index.php?rest_route=\/wp\/v2\/pages\/14\/revisions\/176"}],"wp:attachment":[{"href":"https:\/\/prclacisterna.cl\/index.php?rest_route=%2Fwp%2Fv2%2Fmedia&parent=14"}],"curies":[{"name":"wp","href":"https:\/\/api.w.org\/{rel}","templated":true}]}}